{"id":1240,"date":"2022-11-25T06:16:18","date_gmt":"2022-11-25T06:16:18","guid":{"rendered":"https:\/\/dev.tossadivers.com\/producto\/padi-divemaster\/"},"modified":"2026-03-05T14:57:30","modified_gmt":"2026-03-05T14:57:30","slug":"padi-divemaster-2","status":"publish","type":"product","link":"https:\/\/dev.tossadivers.com\/fr\/padi-divemaster-2\/","title":{"rendered":"Cours PADI Divemaster au Centre de Plongee TossaDivers a Tossa de Mar"},"content":{"rendered":"<table style=\"width: 100%; border: 4px solid #fff;\">\n<tbody>\n<tr>\n<td style=\"background: #002547FF; color: aliceblue; text-align: center; font-size: 14pt; height: 50px; vertical-align: center;\">Dur\u00e9e et programme<\/td>\n<\/tr>\n<tr>\n<td style=\"background: #fff; color: #002547ff; text-align: left; font-size: 14pt; vertical-align: center;\">\n<ul>\n<li><strong>60 Heures environ<\/strong><\/li>\n<li><strong>1 mois si intensif<\/strong><\/li>\n<li>Vous pouvez le faire le week-end pendant l&rsquo;\u00e9t\u00e9<\/li>\n<li>D\u00e9veloppement des connaissances techniques \u00e0 un niveau sup\u00e9rieur<\/li>\n<li>Techniques de plong\u00e9e de niveau d\u00e9monstration<\/li>\n<li>Formation aux pratiques simul\u00e9es et r\u00e9elles<\/li>\n<\/ul>\n<\/td>\n<\/tr>\n<\/tbody>\n<\/table>\n<table style=\"width: 100%; border: 4px solid #fff;\">\n<tbody>\n<tr>\n<td style=\"background: #002547FF; color: aliceblue; text-align: center; font-size: 14pt; height: 50px; vertical-align: center;\">Mat\u00e9riel de cours<\/td>\n<\/tr>\n<tr>\n<td style=\"background: #fff; color: #002547ff; text-align: left; font-size: 14pt; vertical-align: center;\">\n<ul>\n<li>Kit didactique avec manuel de cours en ligne<\/li>\n<li>Mat\u00e9riel n\u00e9cessaire pour les pratiques<\/li>\n<li><strong>Certificat PADI<\/strong><\/li>\n<li>Ne comprend pas les frais d&rsquo;adh\u00e9sion PADI<\/li>\n<\/ul>\n<\/td>\n<\/tr>\n<\/tbody>\n<\/table>\n<table style=\"width: 100%; border: 4px solid #fff;\">\n<tbody>\n<tr>\n<td style=\"background: #002547FF; color: aliceblue; text-align: center; font-size: 14pt; height: 50px; vertical-align: center;\">Exigences du cours<\/td>\n<\/tr>\n<tr>\n<td style=\"background: #fff; color: #002547ff; text-align: left; font-size: 14pt; vertical-align: center;\">\n<ul>\n<li>Avoir 20 plong\u00e9es enregistr\u00e9es dans le carnet de plong\u00e9e pour pouvoir commencer le cours.<\/li>\n<li>Avant de commencer votre cours PADI, vous devez remplir le questionnaire suivant<br \/>\npour v\u00e9rifier si vous devez passer un examen d&rsquo;aptitude m\u00e9dicale &#8211; <a href=\"https:\/\/dev.tossadivers.com\/fr\/certificat-medical\/\" target=\"_blank\" rel=\"noopener\">Questionnaire M\u00e9dical<\/a><\/li>\n<li>Assurance plong\u00e9e et responsabilit\u00e9 civile (si vous ne l&rsquo;avez pas, nous pouvons la traiter pour vous)<\/li>\n<li>Tener 60 inmersiones registradas para poder obtener la certificaci\u00f3n.<\/li>\n<li>Avoir 60 plong\u00e9es enregistr\u00e9es afin d&rsquo;\u00eatre certifi\u00e9.<\/li>\n<li>Certification PADI Rescue Diver ou \u00e9quivalent<\/li>\n<li>Certification en secourisme et en RCR n&rsquo;exc\u00e9dant pas deux ans<\/li>\n<li><strong>18 ans<\/strong><\/li>\n<li><strong>Photocopie du passeport<\/strong><\/li>\n<\/ul>\n<\/td>\n<\/tr>\n<\/tbody>\n<\/table>\n<table style=\"width: 100%; border: 4px solid #fff;\">\n<tbody>\n<tr>\n<td style=\"background: #002547FF; color: aliceblue; text-align: center; font-size: 14pt; height: 50px; vertical-align: center;\">Attestation de cours<\/td>\n<\/tr>\n<tr>\n<td style=\"background: #fff; color: #002547ff; text-align: left; font-size: 14pt; vertical-align: center;\">Vous obtiendrez une certification officielle PADI Divemaster reconnue dans le monde entier qui vous permettra d&rsquo;assister les instructeurs dans la formation des \u00e9l\u00e8ves ; vous superviserez les activit\u00e9s de plong\u00e9e ; Vous organiserez et guiderez, entre autres activit\u00e9s. Vous pouvez \u00e9galement diriger des programmes de bapt\u00eame de mer si vous postulez pour le Divemaster DSD !!!<\/td>\n<\/tr>\n<\/tbody>\n<\/table>\n","protected":false},"excerpt":{"rendered":"<p>Faites le premier pas vers votre carriere professionnelle de plongee avec le Cours PADI Divemaster a TossaDivers, Tossa de Mar. Apprenez a diriger des plongees, superviser des activites de plongee et guider d&rsquo;autres plongeurs. Inscrivez-vous maintenant \\!<\/p>\n","protected":false},"featured_media":870,"comment_status":"open","ping_status":"closed","template":"","meta":[],"product_brand":[],"product_cat":[97],"product_tag":[],"class_list":{"0":"post-1240","1":"product","2":"type-product","3":"status-publish","4":"has-post-thumbnail","6":"product_cat-cours-padi","7":"tm-no-options","9":"first","10":"instock","11":"virtual","12":"purchasable","13":"product-type-simple"},"_links":{"self":[{"href":"https:\/\/dev.tossadivers.com\/fr\/wp-json\/wp\/v2\/product\/1240","targetHints":{"allow":["GET"]}}],"collection":[{"href":"https:\/\/dev.tossadivers.com\/fr\/wp-json\/wp\/v2\/product"}],"about":[{"href":"https:\/\/dev.tossadivers.com\/fr\/wp-json\/wp\/v2\/types\/product"}],"replies":[{"embeddable":true,"href":"https:\/\/dev.tossadivers.com\/fr\/wp-json\/wp\/v2\/comments?post=1240"}],"wp:featuredmedia":[{"embeddable":true,"href":"https:\/\/dev.tossadivers.com\/fr\/wp-json\/wp\/v2\/media\/870"}],"wp:attachment":[{"href":"https:\/\/dev.tossadivers.com\/fr\/wp-json\/wp\/v2\/media?parent=1240"}],"wp:term":[{"taxonomy":"product_brand","embeddable":true,"href":"https:\/\/dev.tossadivers.com\/fr\/wp-json\/wp\/v2\/product_brand?post=1240"},{"taxonomy":"product_cat","embeddable":true,"href":"https:\/\/dev.tossadivers.com\/fr\/wp-json\/wp\/v2\/product_cat?post=1240"},{"taxonomy":"product_tag","embeddable":true,"href":"https:\/\/dev.tossadivers.com\/fr\/wp-json\/wp\/v2\/product_tag?post=1240"}],"curies":[{"name":"wp","href":"https:\/\/api.w.org\/{rel}","templated":true}]}}