{"id":1242,"date":"2022-11-10T19:29:51","date_gmt":"2022-11-10T19:29:51","guid":{"rendered":"https:\/\/dev.tossadivers.com\/producto\/plongees-guidees-tossa-de-mar\/"},"modified":"2026-03-05T14:57:33","modified_gmt":"2026-03-05T14:57:33","slug":"plongees-guidees-tossa-de-mar","status":"publish","type":"product","link":"https:\/\/dev.tossadivers.com\/fr\/plongees-guidees-tossa-de-mar\/","title":{"rendered":"Plong\u00e9es guid\u00e9es Tossa de Mar"},"content":{"rendered":"<table style=\"width: 100%; border: 4px solid #fff;\">\n<tbody>\n<tr>\n<td style=\"background: #002547FF; color: aliceblue; text-align: center; font-size: 14pt; height: 50px; vertical-align: center;\">Organisation de l&rsquo;activit\u00e9<\/td>\n<\/tr>\n<tr>\n<td style=\"background: #fff; color: #002547ff; text-align: left; font-size: 14pt; vertical-align: center;\">\n<ul>\n<li><strong>Petits groupes<\/strong><\/li>\n<li><strong>1 guide pour 6 plongeurs<\/strong><\/li>\n<\/ul>\n<\/td>\n<\/tr>\n<\/tbody>\n<\/table>\n<table style=\"width: 100%; border: 4px solid #fff;\">\n<tbody>\n<tr>\n<td style=\"background: #002547FF; color: aliceblue; text-align: center; font-size: 14pt; height: 50px; vertical-align: center;\">\u00c9quipement inclus<\/td>\n<\/tr>\n<tr>\n<td style=\"background: #fff; color: #002547ff; text-align: left; font-size: 14pt; vertical-align: center;\">\n<ul>\n<li><strong>Bouteille<\/strong><\/li>\n<li><strong>Conduit<\/strong><\/li>\n<li><strong>Guider<\/strong><\/li>\n<li><strong>Utilisation des installations<\/strong><\/li>\n<\/ul>\n<\/td>\n<\/tr>\n<\/tbody>\n<\/table>\n<table style=\"width: 100%; border: 4px solid #fff;\">\n<tbody>\n<tr>\n<td style=\"background: #002547FF; color: aliceblue; text-align: center; font-size: 14pt; height: 50px; vertical-align: center;\">Exigences<\/td>\n<\/tr>\n<tr>\n<td style=\"background: #fff; color: #002547ff; text-align: left; font-size: 14pt; vertical-align: center;\">\n<ul>\n<li><strong>Qualification de plong\u00e9e<\/strong><\/li>\n<li>Assurance plong\u00e9e (Si vous n&rsquo;en avez pas, nous pouvons l&rsquo;organiser pour vous)<\/li>\n<\/ul>\n<\/td>\n<\/tr>\n<\/tbody>\n<\/table>\n","protected":false},"excerpt":{"rendered":"<div class=\"elementor-element elementor-element-6170aadc elementor-widget elementor-widget-heading\" data-id=\"6170aadc\" data-element_type=\"widget\" data-widget_type=\"heading.default\">\n<div class=\"elementor-widget-container\">\n<h2 class=\"elementor-heading-title elementor-size-default\"><span style=\"color: #ffffff;\">Voulez-vous conna\u00eetre tous les coins de la Mar Menuda?<\/span><\/h2>\n<\/div>\n<\/div>\n<div class=\"elementor-element elementor-element-7e422f67 elementor-widget elementor-widget-text-editor\" data-id=\"7e422f67\" data-element_type=\"widget\" data-widget_type=\"text-editor.default\">\n<div class=\"elementor-widget-container\">\n<div class=\"elementor-text-editor elementor-clearfix\">\n<p><span style=\"color: #ffffff;\">Plong\u00e9es guid\u00e9es \u00e0 Tossa de Mar. Laissez-vous guider par nos plong\u00e9es guid\u00e9es \u00e0 Tossa de Mar et explorez l&rsquo;un des meilleurs spots de plong\u00e9e de la magnifique c\u00f4te catalane. Nos guides exp\u00e9riment\u00e9s vous accompagneront lors de cette passionnante aventure sous-marine, vous montrant chaque coin et r\u00e9v\u00e9lant toute la vie que ce site de plong\u00e9e a \u00e0 offrir.<\/span><\/p>\n<p><span style=\"color: #ffffff;\">Les plong\u00e9es guid\u00e9es \u00e0 Tossa de Mar sont le moyen id\u00e9al pour explorer les eaux cristallines et dynamiques de cette pittoresque ville c\u00f4ti\u00e8re. Nos guides experts sont bien familiaris\u00e9s avec les meilleurs spots de plong\u00e9e de la r\u00e9gion et vous emm\u00e8neront dans des endroits \u00e9poustouflants o\u00f9 vous pourrez admirer la riche diversit\u00e9 de la faune et de la flore marines.<\/span><\/p>\n<p><span style=\"color: #ffffff;\">Lors de ces sorties guid\u00e9es, vous aurez l&rsquo;opportunit\u00e9 de vous immerger dans un monde sous-marin fascinant. Nos guides vous feront d\u00e9couvrir des merveilles cach\u00e9es, y compris des formations rocheuses excitantes et la vie marine abondante qui habite cet \u00e9cosyst\u00e8me unique.<\/span><\/p>\n<p><span style=\"color: #ffffff;\">Les plong\u00e9es guid\u00e9es \u00e0 Tossa de Mar conviennent aux plongeurs de tous niveaux d&rsquo;exp\u00e9rience. Nos guides adapteront l&rsquo;exp\u00e9rience \u00e0 vos comp\u00e9tences et besoins, vous offrant une exp\u00e9rience de plong\u00e9e s\u00fbre et enrichissante. Que vous soyez novice ou plongeur exp\u00e9riment\u00e9, nous vous garantissons une aventure de plong\u00e9e inoubliable.<\/span><\/p>\n<p><span style=\"color: #ffffff;\">En r\u00e9sum\u00e9, nos plong\u00e9es guid\u00e9es \u00e0 Tossa de Mar vous offrent la possibilit\u00e9 de plonger dans l&rsquo;un des meilleurs spots de plong\u00e9e de la c\u00f4te catalane. Nos guides vous conduiront \u00e0 travers chaque coin, r\u00e9v\u00e9lant la beaut\u00e9 et la vie que cet endroit a \u00e0 offrir. Ne manquez pas l&rsquo;occasion d&rsquo;explorer les eaux cristallines et de d\u00e9couvrir la vie sous-marine fascinante de Tossa de Mar avec nos plong\u00e9es guid\u00e9es.<\/span><\/p>\n<\/div>\n<\/div>\n<\/div>\n","protected":false},"featured_media":844,"comment_status":"closed","ping_status":"closed","template":"","meta":[],"product_brand":[],"product_cat":[98],"product_tag":[],"class_list":{"0":"post-1242","1":"product","2":"type-product","3":"status-publish","4":"has-post-thumbnail","6":"product_cat-plongees-guidees","7":"tm-has-options","9":"first","10":"instock","11":"virtual","12":"purchasable","13":"product-type-simple"},"_links":{"self":[{"href":"https:\/\/dev.tossadivers.com\/fr\/wp-json\/wp\/v2\/product\/1242","targetHints":{"allow":["GET"]}}],"collection":[{"href":"https:\/\/dev.tossadivers.com\/fr\/wp-json\/wp\/v2\/product"}],"about":[{"href":"https:\/\/dev.tossadivers.com\/fr\/wp-json\/wp\/v2\/types\/product"}],"replies":[{"embeddable":true,"href":"https:\/\/dev.tossadivers.com\/fr\/wp-json\/wp\/v2\/comments?post=1242"}],"wp:featuredmedia":[{"embeddable":true,"href":"https:\/\/dev.tossadivers.com\/fr\/wp-json\/wp\/v2\/media\/844"}],"wp:attachment":[{"href":"https:\/\/dev.tossadivers.com\/fr\/wp-json\/wp\/v2\/media?parent=1242"}],"wp:term":[{"taxonomy":"product_brand","embeddable":true,"href":"https:\/\/dev.tossadivers.com\/fr\/wp-json\/wp\/v2\/product_brand?post=1242"},{"taxonomy":"product_cat","embeddable":true,"href":"https:\/\/dev.tossadivers.com\/fr\/wp-json\/wp\/v2\/product_cat?post=1242"},{"taxonomy":"product_tag","embeddable":true,"href":"https:\/\/dev.tossadivers.com\/fr\/wp-json\/wp\/v2\/product_tag?post=1242"}],"curies":[{"name":"wp","href":"https:\/\/api.w.org\/{rel}","templated":true}]}}