{"id":1250,"date":"2022-11-10T19:29:47","date_gmt":"2022-11-10T19:29:47","guid":{"rendered":"https:\/\/dev.tossadivers.com\/producto\/cadeau-de-bapteme-de-plongee\/"},"modified":"2026-03-05T14:57:36","modified_gmt":"2026-03-05T14:57:36","slug":"regalo-bautizo-de-buceo-2","status":"publish","type":"product","link":"https:\/\/dev.tossadivers.com\/fr\/regalo-bautizo-de-buceo-2\/","title":{"rendered":"Offrir un Bapteme de Plongee a Tossa de Mar | Centre de Plongee PADI TossaDivers"},"content":{"rendered":"<table style=\"width: 100%; border: 4px solid #fff;\">\n<tbody>\n<tr>\n<td style=\"background: #002547FF; color: aliceblue; text-align: center; font-size: 14pt; height: 50px; vertical-align: center;\">Dur\u00e9e et programme<\/td>\n<\/tr>\n<tr>\n<td style=\"background: #fff; color: #002547ff; text-align: left; font-size: 14pt; vertical-align: center;\">\n<ul>\n<li>L&rsquo;exp\u00e9rience dure environ 2 heures (environ)<\/li>\n<li><strong>Module th\u00e9orique<\/strong><\/li>\n<li><strong>Plong\u00e9e en mer<\/strong><\/li>\n<\/ul>\n<\/td>\n<\/tr>\n<\/tbody>\n<\/table>\n<table style=\"width: 100%; border: 4px solid #fff;\">\n<tbody>\n<tr>\n<td style=\"background: #002547FF; color: aliceblue; text-align: center; font-size: 14pt; height: 50px; vertical-align: center;\">Mat\u00e9riel d&rsquo;exp\u00e9rience<\/td>\n<\/tr>\n<tr>\n<td style=\"background: #fff; color: #002547ff; text-align: left; font-size: 14pt; vertical-align: center;\">\n<ul>\n<li>Mat\u00e9riel n\u00e9cessaire pour l&rsquo;immersion<\/li>\n<li><strong>Assurance pendant l&rsquo;activit\u00e9<\/strong><\/li>\n<li>L&rsquo;activit\u00e9 sera dirig\u00e9e EXCLUSIVEMENT par des professionnels PADI autoris\u00e9s avec EXPERIENCE<\/li>\n<\/ul>\n<\/td>\n<\/tr>\n<\/tbody>\n<\/table>\n<table style=\"width: 100%; border: 4px solid #fff;\">\n<tbody>\n<tr>\n<td style=\"background: #002547FF; color: aliceblue; text-align: center; font-size: 14pt; height: 50px; vertical-align: center;\">Exigences d&rsquo;exp\u00e9rience<\/td>\n<\/tr>\n<tr>\n<td style=\"background: #fff; color: #002547ff; text-align: left; font-size: 14pt; vertical-align: center;\">\n<ul>\n<li><strong>\u00c2ge minimum 8 ans<\/strong><\/li>\n<li><strong>Savoir nager<\/strong><\/li>\n<li>Ne pas avoir de probl\u00e8mes de sant\u00e9 graves. Ne pas avoir de probl\u00e8mes auditifs, respiratoires ou cardiaques (si oui, un certificat m\u00e9dical de l&rsquo;APTO est requis pour l&rsquo;activit\u00e9)<\/li>\n<li><strong>Ne pas \u00eatre enceinte<\/strong><\/li>\n<li>Ne prenez pas d&rsquo;avion dans les 12 heures suivant l&rsquo;activit\u00e9<\/li>\n<\/ul>\n<\/td>\n<\/tr>\n<\/tbody>\n<\/table>\n<table style=\"width: 100%; border: 4px solid #fff;\">\n<tbody>\n<tr>\n<td style=\"background: #002547FF; color: aliceblue; text-align: center; font-size: 14pt; height: 50px; vertical-align: center;\">Rappelles toi<\/td>\n<\/tr>\n<tr>\n<td style=\"background: #fff; color: #002547ff; text-align: left; font-size: 14pt; vertical-align: center;\">\n<ul>\n<li>N&rsquo;oubliez pas d&rsquo;apporter des tongs, un maillot de bain et une serviette pour la douche et une envie de vous amuser et de passer un bon moment<\/li>\n<li>La plong\u00e9e est facile et s\u00fbre<\/li>\n<li>Nous faisons des bapt\u00eames de mer TOUS LES JOURS et TOUTE L&rsquo;ANNEE<\/li>\n<\/ul>\n<\/td>\n<\/tr>\n<\/tbody>\n<\/table>\n","protected":false},"excerpt":{"rendered":"<p>Offrez une experience unique : un Bapteme de Plongee a Tossa de Mar avec TossaDivers. Parfait pour surprendre quelqu&rsquo;un de special avec une aventure sous-marine inoubliable. Achetez votre cadeau maintenant \\!<\/p>\n","protected":false},"featured_media":6885,"comment_status":"closed","ping_status":"closed","template":"","meta":[],"product_brand":[],"product_cat":[99],"product_tag":[],"class_list":{"0":"post-1250","1":"product","2":"type-product","3":"status-publish","4":"has-post-thumbnail","6":"product_cat-baptemes-de-plongee","7":"tm-no-options","9":"first","10":"instock","11":"downloadable","12":"virtual","13":"sold-individually","14":"purchasable","15":"product-type-simple"},"_links":{"self":[{"href":"https:\/\/dev.tossadivers.com\/fr\/wp-json\/wp\/v2\/product\/1250","targetHints":{"allow":["GET"]}}],"collection":[{"href":"https:\/\/dev.tossadivers.com\/fr\/wp-json\/wp\/v2\/product"}],"about":[{"href":"https:\/\/dev.tossadivers.com\/fr\/wp-json\/wp\/v2\/types\/product"}],"replies":[{"embeddable":true,"href":"https:\/\/dev.tossadivers.com\/fr\/wp-json\/wp\/v2\/comments?post=1250"}],"wp:featuredmedia":[{"embeddable":true,"href":"https:\/\/dev.tossadivers.com\/fr\/wp-json\/wp\/v2\/media\/6885"}],"wp:attachment":[{"href":"https:\/\/dev.tossadivers.com\/fr\/wp-json\/wp\/v2\/media?parent=1250"}],"wp:term":[{"taxonomy":"product_brand","embeddable":true,"href":"https:\/\/dev.tossadivers.com\/fr\/wp-json\/wp\/v2\/product_brand?post=1250"},{"taxonomy":"product_cat","embeddable":true,"href":"https:\/\/dev.tossadivers.com\/fr\/wp-json\/wp\/v2\/product_cat?post=1250"},{"taxonomy":"product_tag","embeddable":true,"href":"https:\/\/dev.tossadivers.com\/fr\/wp-json\/wp\/v2\/product_tag?post=1250"}],"curies":[{"name":"wp","href":"https:\/\/api.w.org\/{rel}","templated":true}]}}