{"id":1659,"date":"2023-02-27T18:22:52","date_gmt":"2023-02-27T18:22:52","guid":{"rendered":"https:\/\/dev.tossadivers.com\/producto\/padi-deepx\/"},"modified":"2026-03-05T14:57:41","modified_gmt":"2026-03-05T14:57:41","slug":"padi-deepx-2","status":"publish","type":"product","link":"https:\/\/dev.tossadivers.com\/fr\/padi-deepx-2\/","title":{"rendered":"PADI DeepX"},"content":{"rendered":"<table style=\"width: 100%; border: 4px solid #fff;\">\n<tbody>\n<tr>\n<td style=\"background: #002547FF; color: aliceblue; text-align: center; font-size: 14pt; height: 50px; vertical-align: center;\">Dur\u00e9e et programme<\/td>\n<\/tr>\n<tr>\n<td style=\"background: #fff; color: #002547ff; text-align: left; font-size: 14pt; vertical-align: center;\">\n<ul>\n<li><strong>Cours th\u00e9oriques<\/strong><\/li>\n<li>1 modules eau confin\u00e9e\/contr\u00f4l\u00e9e<\/li>\n<li><strong>2 plong\u00e9es en eau libre<\/strong><\/li>\n<\/ul>\n<\/td>\n<\/tr>\n<\/tbody>\n<\/table>\n<table style=\"width: 100%; border: 4px solid #fff;\">\n<tbody>\n<tr>\n<td style=\"background: #002547FF; color: aliceblue; text-align: center; font-size: 14pt; height: 50px; vertical-align: center;\">Mat\u00e9riel de cours<\/td>\n<\/tr>\n<tr>\n<td style=\"background: #fff; color: #002547ff; text-align: left; font-size: 14pt; vertical-align: center;\">\n<ul>\n<li>Mat\u00e9riel n\u00e9cessaire pour le cours<\/li>\n<\/ul>\n<\/td>\n<\/tr>\n<\/tbody>\n<\/table>\n<table style=\"width: 100%; border: 4px solid #fff;\">\n<tbody>\n<tr>\n<td style=\"background: #002547FF; color: aliceblue; text-align: center; font-size: 14pt; height: 50px; vertical-align: center;\">Exigences du cours<\/td>\n<\/tr>\n<tr>\n<td style=\"background: #fff; color: #002547ff; text-align: left; font-size: 14pt; vertical-align: center;\">\n<ul>\n<li><strong>\u00c2ge minimum 18 ans<\/strong><\/li>\n<li><strong>Dipl\u00f4me OW ou \u00e9quivalent<\/strong><\/li>\n<li>Avant de commencer votre cours PADI, vous devez remplir le questionnaire suivant<br \/>\npour v\u00e9rifier si vous devez passer un examen d&rsquo;aptitude m\u00e9dicale &#8211; <a href=\"https:\/\/www.tossadivers.esqui.cat\/certificado-medico\/\" target=\"_blank\" rel=\"noopener\">Questionnaire M\u00e9dical<\/a><\/li>\n<li>Assurance plong\u00e9e (Si vous n&rsquo;en avez pas, nous pouvons l&rsquo;organiser pour vous)<\/li>\n<li><strong>Padi Deep diver ou \u00e9quivalent<\/strong><\/li>\n<\/ul>\n<\/td>\n<\/tr>\n<\/tbody>\n<\/table>\n<table style=\"width: 100%; border: 4px solid #fff;\">\n<tbody>\n<tr>\n<td style=\"background: #002547FF; color: aliceblue; text-align: center; font-size: 14pt; height: 50px; vertical-align: center;\">Attestation de cours<\/td>\n<\/tr>\n<tr>\n<td style=\"background: #fff; color: #002547ff; text-align: left; font-size: 14pt; vertical-align: center;\">Vous obtiendrez une certification officielle PADI reconnue dans le monde entier.<\/td>\n<\/tr>\n<\/tbody>\n<\/table>\n","protected":false},"excerpt":{"rendered":"<p>Le cours PADI \/ DAN Deep-X initie \u00e0 la plong\u00e9e avec d\u00e9compression dans les limites de profondeur de la plong\u00e9e r\u00e9cr\u00e9ative.<\/p>\n<p>Pendant le cours, les techniques de plong\u00e9e profonde sont d\u00e9velopp\u00e9es dans les limites r\u00e9cr\u00e9atives (entre 18 et 40 m\u00e8tres). ous utiliserez l&rsquo;\u00e9quipement de plong\u00e9e r\u00e9cr\u00e9ative et une bouteille de secours (bailout), en mettant constamment l&rsquo;accent sur la flottabilit\u00e9 pour \u00e9viter de perturber la vie marine d\u00e9licate.<\/p>\n","protected":false},"featured_media":1655,"comment_status":"closed","ping_status":"closed","template":"","meta":[],"product_brand":[],"product_cat":[96],"product_tag":[],"class_list":{"0":"post-1659","1":"product","2":"type-product","3":"status-publish","4":"has-post-thumbnail","6":"product_cat-cours-de-specialite-padi","7":"tm-no-options","9":"first","10":"instock","11":"virtual","12":"purchasable","13":"product-type-simple"},"_links":{"self":[{"href":"https:\/\/dev.tossadivers.com\/fr\/wp-json\/wp\/v2\/product\/1659","targetHints":{"allow":["GET"]}}],"collection":[{"href":"https:\/\/dev.tossadivers.com\/fr\/wp-json\/wp\/v2\/product"}],"about":[{"href":"https:\/\/dev.tossadivers.com\/fr\/wp-json\/wp\/v2\/types\/product"}],"replies":[{"embeddable":true,"href":"https:\/\/dev.tossadivers.com\/fr\/wp-json\/wp\/v2\/comments?post=1659"}],"wp:featuredmedia":[{"embeddable":true,"href":"https:\/\/dev.tossadivers.com\/fr\/wp-json\/wp\/v2\/media\/1655"}],"wp:attachment":[{"href":"https:\/\/dev.tossadivers.com\/fr\/wp-json\/wp\/v2\/media?parent=1659"}],"wp:term":[{"taxonomy":"product_brand","embeddable":true,"href":"https:\/\/dev.tossadivers.com\/fr\/wp-json\/wp\/v2\/product_brand?post=1659"},{"taxonomy":"product_cat","embeddable":true,"href":"https:\/\/dev.tossadivers.com\/fr\/wp-json\/wp\/v2\/product_cat?post=1659"},{"taxonomy":"product_tag","embeddable":true,"href":"https:\/\/dev.tossadivers.com\/fr\/wp-json\/wp\/v2\/product_tag?post=1659"}],"curies":[{"name":"wp","href":"https:\/\/api.w.org\/{rel}","templated":true}]}}