{"id":1670,"date":"2023-02-27T18:39:38","date_gmt":"2023-02-27T18:39:38","guid":{"rendered":"https:\/\/dev.tossadivers.com\/producto\/padi-deep-diver\/"},"modified":"2026-03-05T14:57:44","modified_gmt":"2026-03-05T14:57:44","slug":"padi-deep-diver","status":"publish","type":"product","link":"https:\/\/dev.tossadivers.com\/fr\/padi-deep-diver\/","title":{"rendered":"PADI Deep Diver a Tossa de Mar | Specialite | Centre de Plongee TossaDivers"},"content":{"rendered":"<table style=\"width: 100%; border: 4px solid #fff;\">\n<tbody>\n<tr>\n<td style=\"background: #002547FF; color: aliceblue; text-align: center; font-size: 14pt; height: 50px; vertical-align: center;\">Dur\u00e9e et programme<\/td>\n<\/tr>\n<tr>\n<td style=\"background: #fff; color: #002547ff; text-align: left; font-size: 14pt; vertical-align: center;\">\n<ul>\n<li>Ce stage peut se faire en 2\/3 jours<\/li>\n<li><strong>Modules th\u00e9oriques<\/strong><\/li>\n<li>4 Plong\u00e9es si vous \u00eates Open Water | 3 plong\u00e9es si vous \u00eates Advanced ou plus<\/li>\n<\/ul>\n<\/td>\n<\/tr>\n<\/tbody>\n<\/table>\n<table style=\"width: 100%; border: 4px solid #fff;\">\n<tbody>\n<tr>\n<td style=\"background: #002547FF; color: aliceblue; text-align: center; font-size: 14pt; height: 50px; vertical-align: center;\">Mat\u00e9riel de cours<\/td>\n<\/tr>\n<tr>\n<td style=\"background: #fff; color: #002547ff; text-align: left; font-size: 14pt; vertical-align: center;\">\n<ul>\n<li>Mat\u00e9riel n\u00e9cessaire pour le cours<\/li>\n<\/ul>\n<\/td>\n<\/tr>\n<\/tbody>\n<\/table>\n<table style=\"width: 100%; border: 4px solid #fff;\">\n<tbody>\n<tr>\n<td style=\"background: #002547FF; color: aliceblue; text-align: center; font-size: 14pt; height: 50px; vertical-align: center;\">Exigences du cours<\/td>\n<\/tr>\n<tr>\n<td style=\"background: #fff; color: #002547ff; text-align: left; font-size: 14pt; vertical-align: center;\">\n<ul>\n<li><strong>\u00c2ge minimum 15 ans<\/strong><\/li>\n<li><strong>Certification AOW ou \u00e9quivalent<\/strong><\/li>\n<li>Avant de commencer votre cours PADI, vous devez remplir le questionnaire suivant<br \/>\npour v\u00e9rifier si vous devez passer un examen d&rsquo;aptitude m\u00e9dicale &#8211; <a href=\"https:\/\/www.tossadivers.esqui.cat\/certificado-medico\/\" target=\"_blank\" rel=\"noopener\">Questionnaire M\u00e9dical<\/a><\/li>\n<li>Assurance plong\u00e9e (Si vous n&rsquo;en avez pas, nous pouvons l&rsquo;organiser pour vous)<\/li>\n<\/ul>\n<\/td>\n<\/tr>\n<\/tbody>\n<\/table>\n<table style=\"width: 100%; border: 4px solid #fff;\">\n<tbody>\n<tr>\n<td style=\"background: #002547FF; color: aliceblue; text-align: center; font-size: 14pt; height: 50px; vertical-align: center;\">Attestation de cours<\/td>\n<\/tr>\n<tr>\n<td style=\"background: #fff; color: #002547ff; text-align: left; font-size: 14pt; vertical-align: center;\">Vous obtiendrez une certification officielle PADI reconnue dans le monde entier qui vous permettra de plonger \u00e0 une profondeur maximale de 40 m\u00e8tres.<\/td>\n<\/tr>\n<\/tbody>\n<\/table>\n","protected":false},"excerpt":{"rendered":"<p>Voulez-vous aller plus loin ?<br \/>\n\u00catre certifi\u00e9 Padi Deep Diving vous permettra de plonger jusqu&rsquo;\u00e0 40 m\u00e8tres.<\/p>\n","protected":false},"featured_media":1667,"comment_status":"closed","ping_status":"closed","template":"","meta":[],"product_brand":[],"product_cat":[96],"product_tag":[],"class_list":{"0":"post-1670","1":"product","2":"type-product","3":"status-publish","4":"has-post-thumbnail","6":"product_cat-cours-de-specialite-padi","7":"tm-no-options","9":"first","10":"instock","11":"virtual","12":"purchasable","13":"product-type-simple"},"_links":{"self":[{"href":"https:\/\/dev.tossadivers.com\/fr\/wp-json\/wp\/v2\/product\/1670","targetHints":{"allow":["GET"]}}],"collection":[{"href":"https:\/\/dev.tossadivers.com\/fr\/wp-json\/wp\/v2\/product"}],"about":[{"href":"https:\/\/dev.tossadivers.com\/fr\/wp-json\/wp\/v2\/types\/product"}],"replies":[{"embeddable":true,"href":"https:\/\/dev.tossadivers.com\/fr\/wp-json\/wp\/v2\/comments?post=1670"}],"wp:featuredmedia":[{"embeddable":true,"href":"https:\/\/dev.tossadivers.com\/fr\/wp-json\/wp\/v2\/media\/1667"}],"wp:attachment":[{"href":"https:\/\/dev.tossadivers.com\/fr\/wp-json\/wp\/v2\/media?parent=1670"}],"wp:term":[{"taxonomy":"product_brand","embeddable":true,"href":"https:\/\/dev.tossadivers.com\/fr\/wp-json\/wp\/v2\/product_brand?post=1670"},{"taxonomy":"product_cat","embeddable":true,"href":"https:\/\/dev.tossadivers.com\/fr\/wp-json\/wp\/v2\/product_cat?post=1670"},{"taxonomy":"product_tag","embeddable":true,"href":"https:\/\/dev.tossadivers.com\/fr\/wp-json\/wp\/v2\/product_tag?post=1670"}],"curies":[{"name":"wp","href":"https:\/\/api.w.org\/{rel}","templated":true}]}}