{"id":4770,"date":"2025-02-15T16:24:57","date_gmt":"2025-02-15T16:24:57","guid":{"rendered":"https:\/\/dev.tossadivers.com\/?post_type=product&#038;p=4770"},"modified":"2026-02-21T19:29:18","modified_gmt":"2026-02-21T19:29:18","slug":"bapteme-plongee-premium","status":"publish","type":"product","link":"https:\/\/dev.tossadivers.com\/fr\/bapteme-plongee-premium\/","title":{"rendered":"Bapteme de Plongee Premium avec Instructeurs PADI a Tossa de Mar | TossaDivers"},"content":{"rendered":"<p><!-- Dur\u00e9e et Programme --><\/p>\n<div style=\"border: 4px solid #fff; margin-bottom: 20px;\">\n<div style=\"background: #002547FF; color: aliceblue; text-align: center; font-size: 14pt; padding: 15px;\"><strong>Dur\u00e9e et Programme<\/strong><\/div>\n<div style=\"background: #fff; color: #002547ff; font-size: 14pt; padding: 20px;\">\n<ul>\n<li><strong>Dur\u00e9e :<\/strong> Environ 3 heures, comprenant :\n<ul>\n<li><strong>Module th\u00e9orique \u00e9tendu :<\/strong> Apprenez l&rsquo;essentiel de la plong\u00e9e avec une explication plus d\u00e9taill\u00e9e de l&rsquo;\u00e9quipement, des techniques de respiration et de s\u00e9curit\u00e9, ainsi qu&rsquo;une introduction \u00e0 la faune et la flore marines de Tossa de Mar.<\/li>\n<li><strong>Plong\u00e9e en mer plus longue :<\/strong> Profitez de plus de temps sous l&rsquo;eau dans une zone privil\u00e9gi\u00e9e, en explorant les eaux cristallines de Tossa de Mar en toute tranquillit\u00e9.<\/li>\n<\/ul>\n<\/li>\n<\/ul>\n<\/div>\n<\/div>\n<p><!-- Mat\u00e9riel de l'exp\u00e9rience --><\/p>\n<div style=\"border: 4px solid #fff; margin-bottom: 20px;\">\n<div style=\"background: #002547FF; color: aliceblue; text-align: center; font-size: 14pt; padding: 15px;\"><strong>Mat\u00e9riel de l&rsquo;exp\u00e9rience<\/strong><\/div>\n<div style=\"background: #fff; color: #002547ff; font-size: 14pt; padding: 20px;\">\n<ul>\n<li><strong>\u00c9quipement inclus :<\/strong> Tout l&rsquo;\u00e9quipement de plong\u00e9e n\u00e9cessaire, avec un \u00e9quipement premium pour un confort maximal.<\/li>\n<li><strong>Assurance incluse :<\/strong> L&rsquo;activit\u00e9 est assur\u00e9e pour que vous profitiez en toute tranquillit\u00e9.<\/li>\n<li><strong>Dur\u00e9e du bapt\u00eame :<\/strong> Le bapt\u00eame Premium dure 45 minutes dans l&rsquo;eau, contre 20 minutes pour le bapt\u00eame standard.<\/li>\n<li><strong>Vid\u00e9o souvenir :<\/strong> Repartez avec une vid\u00e9o enregistr\u00e9e pendant votre plong\u00e9e pour revivre et partager ce moment unique avec votre famille et vos amis.<\/li>\n<\/ul>\n<\/div>\n<\/div>\n<p><!-- Exigences de l'exp\u00e9rience --><\/p>\n<div style=\"border: 4px solid #fff; margin-bottom: 20px;\">\n<div style=\"background: #002547FF; color: aliceblue; text-align: center; font-size: 14pt; padding: 15px;\"><strong>Exigences de l&rsquo;exp\u00e9rience<\/strong><\/div>\n<div style=\"background: #fff; color: #002547ff; font-size: 14pt; padding: 20px;\">\n<ul>\n<li>\u00c2ge minimum <strong>8 ans<\/strong><\/li>\n<li><strong>Savoir nager<\/strong><\/li>\n<li>Ne pas avoir de probl\u00e8mes de sant\u00e9 graves. Avant de commencer votre bapt\u00eame, vous devez remplir le questionnaire suivant pour v\u00e9rifier si vous avez besoin d&rsquo;un examen m\u00e9dical d&rsquo;aptitude \u2013<br \/>\n<a href=\"https:\/\/dev.tossadivers.com\/fr\/registre-de-bapteme-de-plongee\/\" target=\"_blank\" rel=\"noopener\">Questionnaire M\u00e9dical<\/a><\/li>\n<li><strong>Ne pas \u00eatre enceinte<\/strong><\/li>\n<li>Ne pas prendre l&rsquo;avion dans les 12 heures suivant l&rsquo;activit\u00e9<\/li>\n<\/ul>\n<\/div>\n<\/div>\n<p><!-- Rappel --><\/p>\n<div style=\"border: 4px solid #fff; margin-bottom: 20px;\">\n<div style=\"background: #002547FF; color: aliceblue; text-align: center; font-size: 14pt; padding: 15px;\"><strong>Rappel<\/strong><\/div>\n<div style=\"background: #fff; color: #002547ff; font-size: 14pt; padding: 20px;\">\n<ul>\n<li>Apportez des <strong>tongs, un maillot de bain et une serviette<\/strong> pour la douche.<\/li>\n<li>Venez avec beaucoup d&rsquo;envie de profiter et de vivre une exp\u00e9rience inoubliable !<\/li>\n<li><strong>Plonger est facile et s\u00fbr,<\/strong> et avec ce programme premium, vous le ferez avec la plus grande attention et le plus grand confort.<\/li>\n<\/ul>\n<\/div>\n<\/div>\n","protected":false},"excerpt":{"rendered":"<p>Profitez d&rsquo;un Bapteme de Plongee Premium exclusif a Tossa de Mar avec TossaDivers. Maximum 2 participants, plongee plus longue et attention personnalisee. La meilleure facon de decouvrir le monde sous-marin \\!<\/p>\n","protected":false},"featured_media":780,"comment_status":"closed","ping_status":"closed","template":"","meta":[],"product_brand":[],"product_cat":[99],"product_tag":[],"class_list":{"0":"post-4770","1":"product","2":"type-product","3":"status-publish","4":"has-post-thumbnail","6":"product_cat-baptemes-de-plongee","7":"tm-no-options","9":"first","10":"instock","11":"virtual","12":"purchasable","13":"product-type-simple"},"_links":{"self":[{"href":"https:\/\/dev.tossadivers.com\/fr\/wp-json\/wp\/v2\/product\/4770","targetHints":{"allow":["GET"]}}],"collection":[{"href":"https:\/\/dev.tossadivers.com\/fr\/wp-json\/wp\/v2\/product"}],"about":[{"href":"https:\/\/dev.tossadivers.com\/fr\/wp-json\/wp\/v2\/types\/product"}],"replies":[{"embeddable":true,"href":"https:\/\/dev.tossadivers.com\/fr\/wp-json\/wp\/v2\/comments?post=4770"}],"wp:featuredmedia":[{"embeddable":true,"href":"https:\/\/dev.tossadivers.com\/fr\/wp-json\/wp\/v2\/media\/780"}],"wp:attachment":[{"href":"https:\/\/dev.tossadivers.com\/fr\/wp-json\/wp\/v2\/media?parent=4770"}],"wp:term":[{"taxonomy":"product_brand","embeddable":true,"href":"https:\/\/dev.tossadivers.com\/fr\/wp-json\/wp\/v2\/product_brand?post=4770"},{"taxonomy":"product_cat","embeddable":true,"href":"https:\/\/dev.tossadivers.com\/fr\/wp-json\/wp\/v2\/product_cat?post=4770"},{"taxonomy":"product_tag","embeddable":true,"href":"https:\/\/dev.tossadivers.com\/fr\/wp-json\/wp\/v2\/product_tag?post=4770"}],"curies":[{"name":"wp","href":"https:\/\/api.w.org\/{rel}","templated":true}]}}