{"id":7563,"date":"2026-02-21T11:35:15","date_gmt":"2026-02-21T11:35:15","guid":{"rendered":""},"modified":"2026-02-21T11:35:15","modified_gmt":"2026-02-21T11:35:15","slug":"cours-padi-scuba-diver-tossa-de-mar","status":"publish","type":"product","link":"https:\/\/dev.tossadivers.com\/fr\/cours-padi-scuba-diver-tossa-de-mar\/","title":{"rendered":"Cours PADI Scuba Diver \u00e0 Tossa de Mar"},"content":{"rendered":"<p><!-- Dur\u00e9e et Programme --><\/p>\n<div style=\"border: 4px solid #fff; margin-bottom: 20px;\">\n<div style=\"background: #024f; color: aliceblue; text-align: center; font-size: 14pt; padding: 15px;\">Dur\u00e9e et Programme du <strong>Cours PADI Scuba Diver \u00e0 Tossa de Mar<\/strong><\/div>\n<div style=\"background: #fff; color: #002547ff; font-size: 14pt; padding: 20px;\">\n<ul>\n<li><strong>Dur\u00e9e :<\/strong> Le cours se compl\u00e8te en 1 jour de pratique.<\/li>\n<li><strong>Th\u00e9orie en ligne :<\/strong> 3 modules th\u00e9oriques que vous pouvez compl\u00e9ter \u00e0 votre propre rythme.<\/li>\n<li><strong>Pratique :<\/strong> 3 modules en eaux confin\u00e9es et 2 plong\u00e9es passionnantes en eaux ouvertes sur la <strong>Costa Brava<\/strong><\/li>\n<\/ul>\n<\/div>\n<\/div>\n<p><!-- Que comprend le Cours ? --><\/p>\n<div style=\"border: 4px solid #fff; margin-bottom: 20px;\">\n<div style=\"background: #002547FF; color: aliceblue; text-align: center; font-size: 14pt; padding: 15px;\">Que comprend le <strong>Cours PADI Scuba Diver<\/strong> ?<\/div>\n<div style=\"background: #fff; color: #002547ff; font-size: 14pt; padding: 20px;\">\n<ul>\n<li><strong>Kit P\u00e9dagogique :<\/strong> Comprend le manuel complet du cours.<\/li>\n<li><strong>\u00c9quipement de Plong\u00e9e :<\/strong> Tout l&rsquo;\u00e9quipement n\u00e9cessaire pour vos pratiques.<\/li>\n<li><strong>Assurance :<\/strong> Couverture d&rsquo;assurance pendant toute la formation.<\/li>\n<li><strong>Certification PADI :<\/strong> \u00c0 la fin du cours, vous obtiendrez une <strong>certification PADI<\/strong>, reconnue dans le monde entier, qui vous permettra de plonger jusqu&rsquo;\u00e0 12 m\u00e8tres de profondeur, toujours accompagn\u00e9 d&rsquo;un professionnel<\/li>\n<\/ul>\n<\/div>\n<\/div>\n<p><!-- Conditions requises --><\/p>\n<div style=\"border: 4px solid #fff; margin-bottom: 20px;\">\n<div style=\"background: #002547FF; color: aliceblue; text-align: center; font-size: 14pt; padding: 15px;\">Conditions requises pour le <strong>Cours PADI Scuba Diver<\/strong><\/div>\n<div style=\"background: #fff; color: #002547ff; font-size: 14pt; padding: 20px;\">\n<ul>\n<li><strong>\u00c2ge minimum :<\/strong> 10 ans.<\/li>\n<li><strong>Questionnaire M\u00e9dical :<\/strong> Compl\u00e9tez le <strong>Questionnaire M\u00e9dical<\/strong> pour v\u00e9rifier si vous avez besoin d&rsquo;un examen m\u00e9dical avant de commencer votre cours &#8211;<br \/>\n<a href=\"https:\/\/dev.tossadivers.com\/fr\/certificat-medical\/\" target=\"_blank\" rel=\"noopener\">Questionnaire M\u00e9dical<\/a><\/li>\n<\/ul>\n<\/div>\n<\/div>\n<p><!-- Certification du cours --><\/p>\n<div style=\"border: 4px solid #fff; margin-bottom: 20px;\">\n<div style=\"background: #002547FF; color: aliceblue; text-align: center; font-size: 14pt; padding: 15px;\">Certification du cours<\/div>\n<div style=\"background: #fff; color: #002547ff; font-size: 14pt; padding: 20px;\">En compl\u00e9tant le <strong>Cours PADI Scuba Diver<\/strong>, vous recevrez une <strong>certification PADI internationale<\/strong>, reconnue dans le monde entier, qui vous permettra de plonger jusqu&rsquo;\u00e0 12 m\u00e8tres de profondeur, toujours accompagn\u00e9 d&rsquo;un professionnel.<\/div>\n<\/div>\n","protected":false},"excerpt":{"rendered":"<div style=\"background-color: #ffffff; border-radius: 30px; padding: 25px 10px; display: flex; align-items: center; justify-content: space-around; max-width: 100%; margin: 20px 0; box-shadow: 0 5px 20px rgba(0,0,0,0.05); border: 1px solid #f2f4f7; font-family: 'Helvetica Neue', Helvetica, Arial, sans-serif;\">\n<div style=\"flex: 1; display: flex; flex-direction: column; align-items: center; text-align: center; border-right: 1px solid #edf0f4;\">\n<p><img decoding=\"async\" style=\"width: 45px; height: 45px; margin-bottom: 5px;\" src=\"https:\/\/img.icons8.com\/ios-filled\/100\/009ade\/clock--v1.png\" alt=\"Ic\u00f4ne Horloge\" \/><\/p>\n<div style=\"font-size: 15px; color: #8e99a3; font-weight: bold; text-transform: uppercase; letter-spacing: 1px; margin-bottom: 2px;\">DUR\u00c9E<\/div>\n<div style=\"font-size: 18px; color: #1a2b3c; font-weight: 800;\">1 Jour<\/div>\n<\/div>\n<div style=\"flex: 1; display: flex; flex-direction: column; align-items: center; text-align: center; border-right: 1px solid #edf0f4;\">\n<p><img decoding=\"async\" style=\"width: 45px; height: auto; margin-bottom: 6px; filter: brightness(0) saturate(100%) invert(43%) sepia(96%) saturate(1637%) hue-rotate(174deg) brightness(96%) contrast(101%);\" src=\"https:\/\/dev.tossadivers.com\/wp-content\/uploads\/2026\/01\/3145021.png\" alt=\"Ic\u00f4ne Plongeur\" \/><\/p>\n<div style=\"font-size: 15px; color: #8e99a3; font-weight: bold; text-transform: uppercase; letter-spacing: 1px; margin-bottom: 2px;\">PROFONDEUR<\/div>\n<div style=\"font-size: 18px; color: #1a2b3c; font-weight: 800;\">12 M\u00e8tres<\/div>\n<\/div>\n<div style=\"flex: 1; display: flex; flex-direction: column; align-items: center; text-align: center;\">\n<p><img decoding=\"async\" style=\"width: 45px; height: 45px; margin-bottom: 10px;\" src=\"https:\/\/img.icons8.com\/ios-filled\/100\/009ade\/guarantee.png\" alt=\"Ic\u00f4ne Niveau\" \/><\/p>\n<div style=\"font-size: 15px; color: #8e99a3; font-weight: bold; text-transform: uppercase; letter-spacing: 1px; margin-bottom: 2px;\">NIVEAU<\/div>\n<div style=\"font-size: 18px; color: #1a2b3c; font-weight: 800;\">D\u00e9butant<\/div>\n<\/div>\n<\/div>\n<div class=\"elementor-element elementor-element-aaa83c6 elementor-widget elementor-widget-heading\" data-id=\"aaa83c6\" data-element_type=\"widget\" data-widget_type=\"heading.default\">\n<div class=\"elementor-widget-container\">\n<h2 class=\"elementor-heading-title elementor-size-default\"><span style=\"color: #ffffff;\">Vous aimeriez devenir plongeur certifi\u00e9 ?<\/span><\/h2>\n<\/div>\n<\/div>\n<div class=\"elementor-element elementor-element-6085a738 elementor-widget elementor-widget-text-editor\" data-id=\"6085a738\" data-element_type=\"widget\" data-widget_type=\"text-editor.default\">\n<div class=\"elementor-widget-container\">\n<div class=\"elementor-text-editor elementor-clearfix\">\n<p>Avec le <strong>Cours PADI Scuba Diver \u00e0 Tossa de Mar (Cours de Plong\u00e9e Sous-Marine)<\/strong>, vous apprendrez les comp\u00e9tences essentielles pour plonger partout dans le monde accompagn\u00e9 d&rsquo;un professionnel. Ce cours est votre porte d&rsquo;entr\u00e9e vers le monde fascinant de la plong\u00e9e, o\u00f9 vous d\u00e9couvrirez les merveilles de l&rsquo;oc\u00e9an tout en obtenant votre <strong>certification internationale PADI<\/strong>.<\/p>\n<p>Ce cours vous fournira les comp\u00e9tences essentielles et les connaissances fondamentales pour plonger de mani\u00e8re autonome et ind\u00e9pendante dans n&rsquo;importe quel coin du monde, toujours accompagn\u00e9 d&rsquo;un professionnel de la plong\u00e9e.<\/p>\n<p>Le <strong>cours PADI Scuba Diver<\/strong> combine th\u00e9orie en ligne avec des pratiques passionnantes en eaux confin\u00e9es et en mer ouverte. Vous apprendrez \u00e0 manipuler l&rsquo;\u00e9quipement de plong\u00e9e et \u00e0 ma\u00eetriser les comp\u00e9tences essentielles pour explorer les oc\u00e9ans en toute s\u00e9curit\u00e9 et de mani\u00e8re autonome. Ce cours est con\u00e7u pour vous donner la confiance et les comp\u00e9tences n\u00e9cessaires pour devenir un <strong>plongeur certifi\u00e9 PADI<\/strong>, avec une reconnaissance internationale.<\/p>\n<p>En compl\u00e9tant le <strong>Cours PADI Scuba Diver \u00e0 Tossa de Mar<\/strong>, vous serez pr\u00eat \u00e0 explorer le monde sous-marin de mani\u00e8re ind\u00e9pendante, partout dans le monde, accompagn\u00e9 d&rsquo;un professionnel. Vous profiterez de la <strong>certification <a href=\"https:\/\/padi.com\">PADI<\/a><\/strong>, reconnue mondialement, qui vous permettra de plonger dans les destinations les plus incroyables, gr\u00e2ce \u00e0 votre Cours de Plong\u00e9e Sous-Marine. Pr\u00e9parez-vous \u00e0 vivre des exp\u00e9riences uniques et \u00e0 d\u00e9couvrir la beaut\u00e9 cach\u00e9e de l&rsquo;oc\u00e9an tout en profitant d&rsquo;aventures sous-marines inoubliables.<\/p>\n<p>Commencez votre voyage avec les Cours de Plong\u00e9e Sous-Marine et plongez dans un monde aquatique passionnant.<\/p>\n<p>Inscrivez-vous maintenant au <strong>Cours PADI Scuba Diver \u00e0 Tossa de Mar<\/strong> et commencez votre aventure sous-marine !<\/p>\n<hr \/>\n<h2 style=\"text-align: center;\">Vous voulez offrir un Cours de Plong\u00e9e \u00e0 un ami ou un membre de la famille ???<\/h2>\n<p><center><a style=\"padding: 15px 25px; background-color: #ffffff; border-radius: 10px; font-size: 16px; text-decoration: none;\" href=\"https:\/\/dev.tossadivers.com\/fr\/offrez-cours-padi-open-water-diver-tossa-de-mar\/\">OFFRIR<\/a><\/center><\/div>\n<p>&nbsp;<\/p>\n<\/div>\n<\/div>\n","protected":false},"featured_media":6880,"comment_status":"closed","ping_status":"closed","template":"","meta":[],"product_brand":[],"product_cat":[97],"product_tag":[],"class_list":{"0":"post-7563","1":"product","2":"type-product","3":"status-publish","4":"has-post-thumbnail","6":"product_cat-cours-padi","7":"tm-no-options","9":"first","10":"instock","11":"virtual","12":"purchasable","13":"product-type-simple"},"_links":{"self":[{"href":"https:\/\/dev.tossadivers.com\/fr\/wp-json\/wp\/v2\/product\/7563","targetHints":{"allow":["GET"]}}],"collection":[{"href":"https:\/\/dev.tossadivers.com\/fr\/wp-json\/wp\/v2\/product"}],"about":[{"href":"https:\/\/dev.tossadivers.com\/fr\/wp-json\/wp\/v2\/types\/product"}],"replies":[{"embeddable":true,"href":"https:\/\/dev.tossadivers.com\/fr\/wp-json\/wp\/v2\/comments?post=7563"}],"wp:featuredmedia":[{"embeddable":true,"href":"https:\/\/dev.tossadivers.com\/fr\/wp-json\/wp\/v2\/media\/6880"}],"wp:attachment":[{"href":"https:\/\/dev.tossadivers.com\/fr\/wp-json\/wp\/v2\/media?parent=7563"}],"wp:term":[{"taxonomy":"product_brand","embeddable":true,"href":"https:\/\/dev.tossadivers.com\/fr\/wp-json\/wp\/v2\/product_brand?post=7563"},{"taxonomy":"product_cat","embeddable":true,"href":"https:\/\/dev.tossadivers.com\/fr\/wp-json\/wp\/v2\/product_cat?post=7563"},{"taxonomy":"product_tag","embeddable":true,"href":"https:\/\/dev.tossadivers.com\/fr\/wp-json\/wp\/v2\/product_tag?post=7563"}],"curies":[{"name":"wp","href":"https:\/\/api.w.org\/{rel}","templated":true}]}}