{"id":7569,"date":"2026-02-21T11:39:26","date_gmt":"2026-02-21T11:39:26","guid":{"rendered":""},"modified":"2026-02-21T11:39:26","modified_gmt":"2026-02-21T11:39:26","slug":"offrez-cours-padi-open-water-diver-tossa-de-mar","status":"publish","type":"product","link":"https:\/\/dev.tossadivers.com\/fr\/offrez-cours-padi-open-water-diver-tossa-de-mar\/","title":{"rendered":"Offrez un Cours PADI Open Water Diver \u00e0 Tossa de Mar &#8212; Initiez-vous \u00e0 la Plong\u00e9e"},"content":{"rendered":"<p><!-- Dur\u00e9e et Programme --><\/p>\n<div style=\"border: 4px solid #fff; margin-bottom: 20px;\">\n<div style=\"background: #024f; color: aliceblue; text-align: center; font-size: 14pt; padding: 15px;\">Dur\u00e9e et Programme du <strong>Cours PADI Open Water Diver \u00e0 Tossa de Mar<\/strong><\/div>\n<div style=\"background: #fff; color: #002547ff; font-size: 14pt; padding: 20px;\">\n<ul>\n<li><strong>Dur\u00e9e :<\/strong> Le cours se compl\u00e8te en un minimum de 2 jours de pratique.<\/li>\n<li><strong>Th\u00e9orie en ligne :<\/strong> 5 modules th\u00e9oriques que vous pouvez compl\u00e9ter \u00e0 votre propre rythme.<\/li>\n<li><strong>Pratique :<\/strong> 5 modules en eaux confin\u00e9es et 4 plong\u00e9es passionnantes en eaux ouvertes sur la <strong>Costa Brava<\/strong><\/li>\n<\/ul>\n<\/div>\n<\/div>\n<p><!-- Que comprend le Cours ? --><\/p>\n<div style=\"border: 4px solid #fff; margin-bottom: 20px;\">\n<div style=\"background: #002547FF; color: aliceblue; text-align: center; font-size: 14pt; padding: 15px;\">Que comprend le <strong>Cours PADI Open Water Diver<\/strong> ?<\/div>\n<div style=\"background: #fff; color: #002547ff; font-size: 14pt; padding: 20px;\">\n<ul>\n<li><strong>Kit P\u00e9dagogique :<\/strong> Comprend le manuel complet du cours.<\/li>\n<li><strong>\u00c9quipement de Plong\u00e9e :<\/strong> Tout l&rsquo;\u00e9quipement n\u00e9cessaire pour vos pratiques.<\/li>\n<li><strong>Assurance :<\/strong> Couverture d&rsquo;assurance pendant toute la formation.<\/li>\n<li><strong>Certification PADI :<\/strong> \u00c0 la fin du cours, vous obtiendrez une <strong>certification PADI<\/strong>, reconnue dans le monde entier, qui vous permettra de plonger jusqu&rsquo;\u00e0 18 m\u00e8tres de profondeur.<\/li>\n<\/ul>\n<\/div>\n<\/div>\n<p><!-- Conditions requises --><\/p>\n<div style=\"border: 4px solid #fff; margin-bottom: 20px;\">\n<div style=\"background: #002547FF; color: aliceblue; text-align: center; font-size: 14pt; padding: 15px;\">Conditions requises pour le <strong>Cours PADI Open Water Diver<\/strong><\/div>\n<div style=\"background: #fff; color: #002547ff; font-size: 14pt; padding: 20px;\">\n<ul>\n<li><strong>\u00c2ge minimum :<\/strong> 10 ans.<\/li>\n<li><strong>Questionnaire M\u00e9dical :<\/strong> Compl\u00e9tez le <strong>Questionnaire M\u00e9dical<\/strong> pour v\u00e9rifier si vous avez besoin d&rsquo;un examen m\u00e9dical avant de commencer votre cours \u00e2\u0080\u0093<br \/>\n<a href=\"https:\/\/dev.tossadivers.com\/fr\/certificat-medical\/\" target=\"_blank\" rel=\"noopener\">Questionnaire M\u00e9dical<\/a><\/li>\n<\/ul>\n<\/div>\n<\/div>\n<p><!-- Certification du cours --><\/p>\n<div style=\"border: 4px solid #fff; margin-bottom: 20px;\">\n<div style=\"background: #002547FF; color: aliceblue; text-align: center; font-size: 14pt; padding: 15px;\">Certification du cours<\/div>\n<div style=\"background: #fff; color: #002547ff; font-size: 14pt; padding: 20px;\">En compl\u00e9tant le <strong>Cours PADI Open Water Diver<\/strong>, vous recevrez une <strong>certification PADI internationale<\/strong>, reconnue dans le monde entier, qui vous permettra de plonger jusqu&rsquo;\u00e0 18 m\u00e8tres de profondeur.<\/div>\n<\/div>\n","protected":false},"excerpt":{"rendered":"<div class=\"elementor-element elementor-element-aaa83c6 elementor-widget elementor-widget-heading\" data-id=\"aaa83c6\" data-element_type=\"widget\" data-widget_type=\"heading.default\">\n<div class=\"elementor-widget-container\">\n<h2><span style=\"color: #ffffff;\">Offrez un cours d&rsquo;Open Water Diver !!!!<\/span><\/h2>\n<\/div>\n<\/div>\n<div class=\"elementor-element elementor-element-6085a738 elementor-widget elementor-widget-text-editor\" data-id=\"6085a738\" data-element_type=\"widget\" data-widget_type=\"text-editor.default\">\n<div class=\"elementor-widget-container\">\n<div class=\"elementor-text-editor elementor-clearfix\">\n<p><span style=\"color: #ffffff;\">Avec le <strong>cours PADI Open Water Diver \u00e0 Tossa de Mar<\/strong>, vous apprendrez les comp\u00e9tences essentielles pour plonger de mani\u00e8re autonome partout dans le monde. Ce cours est votre porte d&rsquo;entr\u00e9e vers le monde fascinant de la plong\u00e9e, o\u00f9 vous d\u00e9couvrirez les merveilles de l&rsquo;oc\u00e9an tout en obtenant votre <strong>certification internationale PADI<\/strong>.<\/span><\/p>\n<p><span style=\"color: #ffffff;\">Ce cours vous fournira les comp\u00e9tences essentielles et les connaissances fondamentales pour plonger de mani\u00e8re autonome et ind\u00e9pendante dans n&rsquo;importe quel coin du monde.<\/span><\/p>\n<p><span style=\"color: #ffffff;\">Le <strong>cours PADI Open Water Diver<\/strong> combine th\u00e9orie en ligne avec des pratiques passionnantes en eaux confin\u00e9es et en mer ouverte. Vous apprendrez \u00e0 manipuler l&rsquo;\u00e9quipement de plong\u00e9e, \u00e0 planifier des plong\u00e9es et \u00e0 ma\u00eetriser les comp\u00e9tences essentielles pour explorer les oc\u00e9ans en toute s\u00e9curit\u00e9 et de mani\u00e8re autonome. Ce cours est con\u00e7u pour vous donner la confiance et les comp\u00e9tences n\u00e9cessaires pour devenir un <strong>plongeur certifi\u00e9 PADI<\/strong>, avec une reconnaissance internationale.<\/span><\/p>\n<p><span style=\"color: #ffffff;\">En compl\u00e9tant le <strong>cours PADI Open Water Diver \u00e0 Tossa de Mar<\/strong>, vous serez pr\u00eat \u00e0 explorer le monde sous-marin de mani\u00e8re ind\u00e9pendante, partout dans le monde. Vous profiterez de la <strong>certification <a style=\"color: #ffffff;\" href=\"https:\/\/padi.com\">PADI<\/a><\/strong>, reconnue mondialement, qui vous permettra de plonger dans les destinations les plus incroyables. Pr\u00e9parez-vous \u00e0 vivre des exp\u00e9riences uniques et \u00e0 d\u00e9couvrir la beaut\u00e9 cach\u00e9e de l&rsquo;oc\u00e9an tout en profitant d&rsquo;aventures sous-marines inoubliables.<\/span><\/p>\n<p><span style=\"color: #ffffff;\">Commencez votre voyage vers la plong\u00e9e autonome et plongez dans un monde aquatique passionnant.<\/span><\/p>\n<p><span style=\"color: #ffffff;\">Inscrivez-vous maintenant au <strong>Cours PADI Open Water Diver \u00e0 Tossa de Mar<\/strong> et commencez votre aventure sous-marine !<\/span><\/p>\n<\/div>\n<\/div>\n<\/div>\n","protected":false},"featured_media":6898,"comment_status":"closed","ping_status":"closed","template":"","meta":[],"product_brand":[],"product_cat":[97],"product_tag":[],"class_list":{"0":"post-7569","1":"product","2":"type-product","3":"status-publish","4":"has-post-thumbnail","6":"product_cat-cours-padi","7":"tm-no-options","9":"first","10":"instock","11":"virtual","12":"sold-individually","13":"purchasable","14":"product-type-simple"},"_links":{"self":[{"href":"https:\/\/dev.tossadivers.com\/fr\/wp-json\/wp\/v2\/product\/7569","targetHints":{"allow":["GET"]}}],"collection":[{"href":"https:\/\/dev.tossadivers.com\/fr\/wp-json\/wp\/v2\/product"}],"about":[{"href":"https:\/\/dev.tossadivers.com\/fr\/wp-json\/wp\/v2\/types\/product"}],"replies":[{"embeddable":true,"href":"https:\/\/dev.tossadivers.com\/fr\/wp-json\/wp\/v2\/comments?post=7569"}],"wp:featuredmedia":[{"embeddable":true,"href":"https:\/\/dev.tossadivers.com\/fr\/wp-json\/wp\/v2\/media\/6898"}],"wp:attachment":[{"href":"https:\/\/dev.tossadivers.com\/fr\/wp-json\/wp\/v2\/media?parent=7569"}],"wp:term":[{"taxonomy":"product_brand","embeddable":true,"href":"https:\/\/dev.tossadivers.com\/fr\/wp-json\/wp\/v2\/product_brand?post=7569"},{"taxonomy":"product_cat","embeddable":true,"href":"https:\/\/dev.tossadivers.com\/fr\/wp-json\/wp\/v2\/product_cat?post=7569"},{"taxonomy":"product_tag","embeddable":true,"href":"https:\/\/dev.tossadivers.com\/fr\/wp-json\/wp\/v2\/product_tag?post=7569"}],"curies":[{"name":"wp","href":"https:\/\/api.w.org\/{rel}","templated":true}]}}