{"id":7574,"date":"2022-11-10T19:29:48","date_gmt":"2022-11-10T19:29:48","guid":{"rendered":""},"modified":"2026-03-05T14:57:54","modified_gmt":"2026-03-05T14:57:54","slug":"padi-freediver-fr","status":"publish","type":"product","link":"https:\/\/dev.tossadivers.com\/fr\/padi-freediver-fr\/","title":{"rendered":"PADI Freediver"},"content":{"rendered":"<table style=\"width: 100%; border: 4px solid #fff;\">\n<tbody>\n<tr>\n<td style=\"background: #002547FF; color: aliceblue; text-align: center; font-size: 14pt; height: 50px; vertical-align: center;\">Dur\u00e9e et Programme<\/td>\n<\/tr>\n<tr>\n<td style=\"background: #fff; color: #002547ff; text-align: left; font-size: 14pt; vertical-align: center;\">\n<ul>\n<li>Pour ce cours, nous avons besoin d&rsquo;un minimum de 2 jours<\/li>\n<li><strong>2 Modules th\u00e9oriques<\/strong><\/li>\n<li><strong>Pratiques en eaux confin\u00e9es<\/strong><\/li>\n<li><strong>Pratiques en eaux ouvertes<\/strong><\/li>\n<\/ul>\n<\/td>\n<\/tr>\n<\/tbody>\n<\/table>\n<table style=\"width: 100%; border: 4px solid #fff;\">\n<tbody>\n<tr>\n<td style=\"background: #002547FF; color: aliceblue; text-align: center; font-size: 14pt; height: 50px; vertical-align: center;\">Mat\u00e9riel du cours<\/td>\n<\/tr>\n<tr>\n<td style=\"background: #fff; color: #002547ff; text-align: left; font-size: 14pt; vertical-align: center;\">\n<ul>\n<li>Kit p\u00e9dagogique avec le manuel du cours<\/li>\n<\/ul>\n<\/td>\n<\/tr>\n<\/tbody>\n<\/table>\n<table style=\"width: 100%; border: 4px solid #fff;\">\n<tbody>\n<tr>\n<td style=\"background: #002547FF; color: aliceblue; text-align: center; font-size: 14pt; height: 50px; vertical-align: center;\">Conditions requises du cours<\/td>\n<\/tr>\n<tr>\n<td style=\"background: #fff; color: #002547ff; text-align: left; font-size: 14pt; vertical-align: center;\">\n<ul>\n<li><strong>\u00c2ge minimum 15 ans<\/strong><\/li>\n<li>Avant de commencer votre cours PADI, vous devez remplir le questionnaire suivant<br \/>\npour v\u00e9rifier si vous avez besoin d&rsquo;un examen m\u00e9dical d&rsquo;aptitude &#8211; <a href=\"https:\/\/dev.tossadivers.com\/fr\/certificat-medical\/\" target=\"_blank\" rel=\"noopener\">Questionnaire M\u00e9dical<\/a><\/li>\n<\/ul>\n<\/td>\n<\/tr>\n<\/tbody>\n<\/table>\n<table style=\"width: 100%; border: 4px solid #fff;\">\n<tbody>\n<tr>\n<td style=\"background: #002547FF; color: aliceblue; text-align: center; font-size: 14pt; height: 50px; vertical-align: center;\">Certification du cours<\/td>\n<\/tr>\n<tr>\n<td style=\"background: #fff; color: #002547ff; text-align: left; font-size: 14pt; vertical-align: center;\">Vous obtiendrez une certification officielle PADI reconnue dans le monde entier<\/td>\n<\/tr>\n<\/tbody>\n<\/table>\n","protected":false},"excerpt":{"rendered":"<div class=\"av-flex-placeholder\">\n<section class=\"av_textblock_section \">\n<div class=\"avia_textblock \">\n<div class=\"elementor-element elementor-element-5c818a elementor-widget elementor-widget-heading\" data-id=\"5c818a\" data-element_type=\"widget\" data-widget_type=\"heading.default\">\n<div class=\"elementor-widget-container\">\n<h2 class=\"elementor-heading-title elementor-size-default\"><span style=\"color: #ffffff;\">Vous voulez profiter de la mer avec une seule respiration ?<\/span><\/h2>\n<\/div>\n<\/div>\n<p><span style=\"color: #ffffff;\">Explorez les profondeurs de la mer avec une respiration consciente. Le freediving, plus qu&rsquo;une activit\u00e9, est un voyage vers la puissance int\u00e9rieure, la discipline et le contr\u00f4le. Si vous avez toujours r\u00eav\u00e9 de vous immerger dans le monde subaquatique \u00e0 votre propre rythme, en d\u00e9fiant vos limites respiratoires, le freediving est votre choix id\u00e9al. R\u00e9aliser le cours PADI Freediver marque le d\u00e9but de votre voyage, d\u00e9couvrez pourquoi le freediving gagne en popularit\u00e9 comme la forme la plus authentique d&rsquo;explorer les merveilles sous les vagues.<\/span><\/p>\n<p><span style=\"color: #ffffff;\">Plongez dans l&rsquo;exp\u00e9rience unique du freediving et d\u00e9couvrez un monde sous-marin plein de merveilles !<\/span><\/p>\n<\/div>\n<\/section>\n<\/div>\n","protected":false},"featured_media":7246,"comment_status":"closed","ping_status":"closed","template":"","meta":[],"product_brand":[],"product_cat":[96],"product_tag":[],"class_list":{"0":"post-7574","1":"product","2":"type-product","3":"status-publish","4":"has-post-thumbnail","6":"product_cat-cours-de-specialite-padi","7":"tm-no-options","9":"first","10":"instock","11":"virtual","12":"purchasable","13":"product-type-simple"},"_links":{"self":[{"href":"https:\/\/dev.tossadivers.com\/fr\/wp-json\/wp\/v2\/product\/7574","targetHints":{"allow":["GET"]}}],"collection":[{"href":"https:\/\/dev.tossadivers.com\/fr\/wp-json\/wp\/v2\/product"}],"about":[{"href":"https:\/\/dev.tossadivers.com\/fr\/wp-json\/wp\/v2\/types\/product"}],"replies":[{"embeddable":true,"href":"https:\/\/dev.tossadivers.com\/fr\/wp-json\/wp\/v2\/comments?post=7574"}],"wp:featuredmedia":[{"embeddable":true,"href":"https:\/\/dev.tossadivers.com\/fr\/wp-json\/wp\/v2\/media\/7246"}],"wp:attachment":[{"href":"https:\/\/dev.tossadivers.com\/fr\/wp-json\/wp\/v2\/media?parent=7574"}],"wp:term":[{"taxonomy":"product_brand","embeddable":true,"href":"https:\/\/dev.tossadivers.com\/fr\/wp-json\/wp\/v2\/product_brand?post=7574"},{"taxonomy":"product_cat","embeddable":true,"href":"https:\/\/dev.tossadivers.com\/fr\/wp-json\/wp\/v2\/product_cat?post=7574"},{"taxonomy":"product_tag","embeddable":true,"href":"https:\/\/dev.tossadivers.com\/fr\/wp-json\/wp\/v2\/product_tag?post=7574"}],"curies":[{"name":"wp","href":"https:\/\/api.w.org\/{rel}","templated":true}]}}