{"id":7575,"date":"2022-11-10T19:29:47","date_gmt":"2022-11-10T19:29:47","guid":{"rendered":""},"modified":"2026-03-05T14:57:55","modified_gmt":"2026-03-05T14:57:55","slug":"padi-combinaison-etanche","status":"publish","type":"product","link":"https:\/\/dev.tossadivers.com\/fr\/padi-combinaison-etanche\/","title":{"rendered":"PADI Combinaison \u00c9tanche"},"content":{"rendered":"<table style=\"width: 100%; border: 4px solid #fff;\">\n<tbody>\n<tr>\n<td style=\"background: #002547FF; color: aliceblue; text-align: center; font-size: 14pt; height: 50px; vertical-align: center;\">Dur\u00e9e et Programme<\/td>\n<\/tr>\n<tr>\n<td style=\"background: #fff; color: #002547ff; text-align: left; font-size: 14pt; vertical-align: center;\">\n<ul>\n<li><strong>Se r\u00e9alise en 1 jour<\/strong><\/li>\n<li><strong>2 plong\u00e9es<\/strong><\/li>\n<\/ul>\n<\/td>\n<\/tr>\n<\/tbody>\n<\/table>\n<table style=\"width: 100%; border: 4px solid #fff;\">\n<tbody>\n<tr>\n<td style=\"background: #002547FF; color: aliceblue; text-align: center; font-size: 14pt; height: 50px; vertical-align: center;\">Mat\u00e9riel du cours<\/td>\n<\/tr>\n<tr>\n<td style=\"background: #fff; color: #002547ff; text-align: left; font-size: 14pt; vertical-align: center;\">\n<ul>\n<li>Kit p\u00e9dagogique avec le manuel du cours<\/li>\n<li><strong>Combinaison \u00e9tanche<\/strong><\/li>\n<\/ul>\n<\/td>\n<\/tr>\n<\/tbody>\n<\/table>\n<table style=\"width: 100%; border: 4px solid #fff;\">\n<tbody>\n<tr>\n<td style=\"background: #002547FF; color: aliceblue; text-align: center; font-size: 14pt; height: 50px; vertical-align: center;\">Conditions requises du cours<\/td>\n<\/tr>\n<tr>\n<td style=\"background: #fff; color: #002547ff; text-align: left; font-size: 14pt; vertical-align: center;\">\n<ul>\n<li><strong>\u00c2ge minimum 12 ans<\/strong><\/li>\n<li><strong>Certification OW ou \u00e9quivalent<\/strong><\/li>\n<li>Avant de commencer votre cours PADI, vous devez remplir le questionnaire suivant<br \/>\npour v\u00e9rifier si vous avez besoin d&rsquo;un examen m\u00e9dical d&rsquo;aptitude &#8211; <a href=\"https:\/\/dev.tossadivers.com\/fr\/certificat-medical\/\" target=\"_blank\" rel=\"noopener\">Questionnaire M\u00e9dical<\/a><\/li>\n<li>Assurance de plong\u00e9e (Si vous n&rsquo;en avez pas, nous pouvons vous l&rsquo;organiser)<\/li>\n<\/ul>\n<\/td>\n<\/tr>\n<\/tbody>\n<\/table>\n<table style=\"width: 100%; border: 4px solid #fff;\">\n<tbody>\n<tr>\n<td style=\"background: #002547FF; color: aliceblue; text-align: center; font-size: 14pt; height: 50px; vertical-align: center;\">Certification du cours<\/td>\n<\/tr>\n<tr>\n<td style=\"background: #fff; color: #002547ff; text-align: left; font-size: 14pt; vertical-align: center;\">Vous obtiendrez une certification officielle PADI reconnue dans le monde entier<\/td>\n<\/tr>\n<\/tbody>\n<\/table>\n","protected":false},"excerpt":{"rendered":"<div class=\"av-flex-placeholder\">\n<section class=\"av_textblock_section \">\n<div class=\"avia_textblock \">\n<div class=\"elementor-element elementor-element-33fe534b elementor-widget elementor-widget-heading\" data-id=\"33fe534b\" data-element_type=\"widget\" data-widget_type=\"heading.default\">\n<div class=\"elementor-widget-container\">\n<h2 class=\"elementor-heading-title elementor-size-default\"><span style=\"color: #ffffff;\">Vous voulez continuer \u00e0 plonger quand l&rsquo;eau est froide ?<\/span><\/h2>\n<\/div>\n<\/div>\n<div class=\"elementor-element elementor-element-ab9642 elementor-widget elementor-widget-text-editor\" data-id=\"ab9642\" data-element_type=\"widget\" data-widget_type=\"text-editor.default\">\n<div class=\"elementor-widget-container\">\n<div class=\"elementor-text-editor elementor-clearfix\">\n<div class=\"elementor-element elementor-element-535a3413 elementor-widget elementor-widget-heading\" data-id=\"535a3413\" data-element_type=\"widget\" data-widget_type=\"heading.default\">\n<div class=\"elementor-widget-container\">\n<p><span style=\"color: #ffffff;\">Dans le cours de sp\u00e9cialit\u00e9 PADI combinaison \u00e9tanche, vous apprendrez \u00e0 utiliser une combinaison \u00e9tanche avec l&rsquo;aide d&rsquo;un instructeur PADI. La combinaison \u00e9tanche vous permet de plonger en eau froide et, avec un entra\u00eenement suffisant, de le faire en toute s\u00e9curit\u00e9. Plonger en hiver vous permettra de profiter de la vie diff\u00e9rente que nous avons \u00e0 Tossa de Mar. Saint-Pierre, baudroies, etc.<\/span><\/p>\n<\/div>\n<\/div>\n<\/div>\n<\/div>\n<\/div>\n<\/div>\n<\/section>\n<\/div>\n","protected":false},"featured_media":7251,"comment_status":"closed","ping_status":"closed","template":"","meta":[],"product_brand":[],"product_cat":[96],"product_tag":[],"class_list":{"0":"post-7575","1":"product","2":"type-product","3":"status-publish","4":"has-post-thumbnail","6":"product_cat-cours-de-specialite-padi","7":"tm-no-options","9":"first","10":"instock","11":"virtual","12":"purchasable","13":"product-type-simple"},"_links":{"self":[{"href":"https:\/\/dev.tossadivers.com\/fr\/wp-json\/wp\/v2\/product\/7575","targetHints":{"allow":["GET"]}}],"collection":[{"href":"https:\/\/dev.tossadivers.com\/fr\/wp-json\/wp\/v2\/product"}],"about":[{"href":"https:\/\/dev.tossadivers.com\/fr\/wp-json\/wp\/v2\/types\/product"}],"replies":[{"embeddable":true,"href":"https:\/\/dev.tossadivers.com\/fr\/wp-json\/wp\/v2\/comments?post=7575"}],"wp:featuredmedia":[{"embeddable":true,"href":"https:\/\/dev.tossadivers.com\/fr\/wp-json\/wp\/v2\/media\/7251"}],"wp:attachment":[{"href":"https:\/\/dev.tossadivers.com\/fr\/wp-json\/wp\/v2\/media?parent=7575"}],"wp:term":[{"taxonomy":"product_brand","embeddable":true,"href":"https:\/\/dev.tossadivers.com\/fr\/wp-json\/wp\/v2\/product_brand?post=7575"},{"taxonomy":"product_cat","embeddable":true,"href":"https:\/\/dev.tossadivers.com\/fr\/wp-json\/wp\/v2\/product_cat?post=7575"},{"taxonomy":"product_tag","embeddable":true,"href":"https:\/\/dev.tossadivers.com\/fr\/wp-json\/wp\/v2\/product_tag?post=7575"}],"curies":[{"name":"wp","href":"https:\/\/api.w.org\/{rel}","templated":true}]}}