{"id":7576,"date":"2024-03-07T06:26:33","date_gmt":"2024-03-07T06:26:33","guid":{"rendered":""},"modified":"2026-02-21T11:41:28","modified_gmt":"2026-02-21T11:41:28","slug":"tour-snorkel-tossa-de-mar","status":"publish","type":"product","link":"https:\/\/dev.tossadivers.com\/fr\/tour-snorkel-tossa-de-mar\/","title":{"rendered":"Tours de Snorkel \u00e0 Tossa de Mar &#8211; Explorez la Costa Brava"},"content":{"rendered":"<p><!-- Dur\u00e9e et Programme --><\/p>\n<div style=\"border: 4px solid #fff; margin-bottom: 20px;\">\n<div style=\"background: #002547FF; color: aliceblue; text-align: center; font-size: 14pt; padding: 15px;\">Dur\u00e9e et Programme du Tour de Snorkel \u00e0 Tossa de Mar<\/div>\n<div style=\"background: #fff; color: #002547ff; font-size: 14pt; padding: 20px;\">\n<ul>\n<li>Dur\u00e9e : 2 heures depuis l&rsquo;arriv\u00e9e au centre de plong\u00e9e jusqu&rsquo;\u00e0 la fin.<\/li>\n<li>Explication de l&rsquo;activit\u00e9<\/li>\n<li>Tour de snorkel<\/li>\n<\/ul>\n<\/div>\n<\/div>\n<p><!-- Mat\u00e9riel de l'exp\u00e9rience --><\/p>\n<div style=\"border: 4px solid #fff; margin-bottom: 20px;\">\n<div style=\"background: #002547FF; color: aliceblue; text-align: center; font-size: 14pt; padding: 15px;\">Mat\u00e9riel de l&rsquo;exp\u00e9rience<\/div>\n<div style=\"background: #fff; color: #002547ff; font-size: 14pt; padding: 20px;\">\n<ul>\n<li>Mat\u00e9riel n\u00e9cessaire pour l&rsquo;activit\u00e9<\/li>\n<li>Assurance pendant l&rsquo;activit\u00e9<\/li>\n<li>L&rsquo;activit\u00e9 sera dirig\u00e9e EXCLUSIVEMENT par des professionnels autoris\u00e9s et EXP\u00c9RIMENT\u00c9S<\/li>\n<\/ul>\n<\/div>\n<\/div>\n<p><!-- Conditions requises --><\/p>\n<div style=\"border: 4px solid #fff; margin-bottom: 20px;\">\n<div style=\"background: #002547FF; color: aliceblue; text-align: center; font-size: 14pt; padding: 15px;\">Conditions requises pour l&rsquo;exp\u00e9rience<\/div>\n<div style=\"background: #fff; color: #002547ff; font-size: 14pt; padding: 20px;\">\n<ul>\n<li>\u00c2ge minimum 8 ans (les moins de 15 ans doivent \u00eatre accompagn\u00e9s d&rsquo;un adulte.)<\/li>\n<li><strong>Savoir nager<\/strong><\/li>\n<li>Ne pas \u00eatre enceinte<\/li>\n<\/ul>\n<\/div>\n<\/div>\n<p><!-- N'oubliez pas --><\/p>\n<div style=\"border: 4px solid #fff; margin-bottom: 20px;\">\n<div style=\"background: #002547FF; color: aliceblue; text-align: center; font-size: 14pt; padding: 15px;\">N&rsquo;oubliez pas<\/div>\n<div style=\"background: #fff; color: #002547ff; font-size: 14pt; padding: 20px;\">\n<ul>\n<li>N&rsquo;oubliez pas d&rsquo;apporter des tongs, un maillot de bain et une serviette pour la douche, et beaucoup d&rsquo;envie de vous amuser et de passer un bon moment<\/li>\n<li>Faire du snorkel est facile et s\u00fbr<\/li>\n<\/ul>\n<\/div>\n<\/div>\n","protected":false},"excerpt":{"rendered":"<h3>Tour de Snorkel \u00e0 Tossa de Mar &#8211; Explorez la Costa Brava<\/h3>\n<p>Explorez les secrets sous-marins avec nos <strong>tours de snorkel guid\u00e9s \u00e0 Tossa de Mar<\/strong>, une exp\u00e9rience qui vous emm\u00e8nera \u00e0 la d\u00e9couverte de la vie marine vibrante de la <strong>Costa Brava<\/strong>. Plongez dans les eaux cristallines de Tossa de Mar et profitez de la richesse de sa biodiversit\u00e9 : poissons color\u00e9s, formations rocheuses uniques et un environnement naturel sans pareil.<br \/>\nNos guides professionnels vous accompagneront tout au long du parcours, garantissant une exp\u00e9rience s\u00fbre et amusante pour tous les \u00e2ges et niveaux de comp\u00e9tence.<\/p>\n<p>Si vous cherchez une aventure inoubliable sur la Costa Brava, nos <strong>tours de snorkel \u00e0 Tossa de Mar<\/strong> sont l&rsquo;option parfaite. <strong>R\u00e9servez votre tour de snorkel d\u00e8s aujourd&rsquo;hui<\/strong> et pr\u00e9parez-vous \u00e0 d\u00e9couvrir un monde compl\u00e8tement nouveau sous la surface de la mer.<\/p>\n<p><strong>Pourquoi choisir nos Tours de Snorkel ?<\/strong><\/p>\n<ul>\n<li><strong>Guid\u00e9s par des Experts Certifi\u00e9s :<\/strong> Nos guides de snorkel sont hautement qualifi\u00e9s et certifi\u00e9s, garantissant une exp\u00e9rience s\u00fbre et \u00e9ducative.<\/li>\n<li><strong>Pour Tous les \u00c2ges et Niveaux :<\/strong> Nous proposons des tours pour les personnes de tous \u00e2ges, des d\u00e9butants aux snorkeleurs exp\u00e9riment\u00e9s.<\/li>\n<li><strong>D\u00e9couvrez la Faune Marine Locale :<\/strong> Tossa de Mar abrite une incroyable biodiversit\u00e9 marine, id\u00e9ale pour les amoureux de la nature.<\/li>\n<li><strong>\u00c9quipement Inclus :<\/strong> Tout l&rsquo;\u00e9quipement de snorkel est inclus dans le tour, vous n&rsquo;avez qu&rsquo;\u00e0 apporter votre enthousiasme pour la mer.<\/li>\n<\/ul>\n<h4>Pr\u00e9parez-vous pour une exp\u00e9rience inoubliable. R\u00e9servez maintenant votre Tour de Snorkel \u00e0 Tossa de Mar<\/h4>\n<p><strong>Ce que disent nos clients :<\/strong><\/p>\n<ul>\n<li><strong>Ana R.<\/strong><br \/>\n<em>\u00ab\u00a0Une exp\u00e9rience incroyable, parfaite pour toute la famille. Nos enfants ont beaucoup appr\u00e9ci\u00e9 et les guides \u00e9taient tr\u00e8s attentifs. Nous le recommandons !\u00a0\u00bb<\/em><\/li>\n<li><strong>Javier G.<\/strong><br \/>\n<em>\u00ab\u00a0Quel tour spectaculaire ! Nous avons vu une grande quantit\u00e9 de vie marine et l&rsquo;\u00e9quipe de TossaDivers a rendu tout amusant et s\u00fbr.\u00a0\u00bb<\/em><\/li>\n<\/ul>\n","protected":false},"featured_media":3257,"comment_status":"closed","ping_status":"closed","template":"","meta":[],"product_brand":[],"product_cat":[98],"product_tag":[],"class_list":{"0":"post-7576","1":"product","2":"type-product","3":"status-publish","4":"has-post-thumbnail","6":"product_cat-plongees-guidees","7":"tm-no-options","9":"first","10":"instock","11":"virtual","12":"purchasable","13":"product-type-simple"},"_links":{"self":[{"href":"https:\/\/dev.tossadivers.com\/fr\/wp-json\/wp\/v2\/product\/7576","targetHints":{"allow":["GET"]}}],"collection":[{"href":"https:\/\/dev.tossadivers.com\/fr\/wp-json\/wp\/v2\/product"}],"about":[{"href":"https:\/\/dev.tossadivers.com\/fr\/wp-json\/wp\/v2\/types\/product"}],"replies":[{"embeddable":true,"href":"https:\/\/dev.tossadivers.com\/fr\/wp-json\/wp\/v2\/comments?post=7576"}],"wp:featuredmedia":[{"embeddable":true,"href":"https:\/\/dev.tossadivers.com\/fr\/wp-json\/wp\/v2\/media\/3257"}],"wp:attachment":[{"href":"https:\/\/dev.tossadivers.com\/fr\/wp-json\/wp\/v2\/media?parent=7576"}],"wp:term":[{"taxonomy":"product_brand","embeddable":true,"href":"https:\/\/dev.tossadivers.com\/fr\/wp-json\/wp\/v2\/product_brand?post=7576"},{"taxonomy":"product_cat","embeddable":true,"href":"https:\/\/dev.tossadivers.com\/fr\/wp-json\/wp\/v2\/product_cat?post=7576"},{"taxonomy":"product_tag","embeddable":true,"href":"https:\/\/dev.tossadivers.com\/fr\/wp-json\/wp\/v2\/product_tag?post=7576"}],"curies":[{"name":"wp","href":"https:\/\/api.w.org\/{rel}","templated":true}]}}